{"id":5472,"date":"2021-12-20T16:46:26","date_gmt":"2021-12-20T15:46:26","guid":{"rendered":"https:\/\/www.biblioteca.colognomonzese.mi.it\/v1\/?page_id=5472"},"modified":"2021-12-20T16:46:29","modified_gmt":"2021-12-20T15:46:29","slug":"modulo-di-sottoscrizione-del-consenso-alla-profilazione-e-informativa-sul-trattamento-dei-dati-personali-cosi-conferiti","status":"publish","type":"page","link":"https:\/\/www.biblioteca.colognomonzese.mi.it\/v1\/?page_id=5472","title":{"rendered":"Modulo di sottoscrizione del consenso alla profilazione e informativa sul trattamento dei dati personali cos\u00ec conferiti."},"content":{"rendered":"\n<p><strong>INFORMATIVA PRIVACY<\/strong><br><strong>Regolamento 679\/2016\/UE<\/strong><br><strong><em>Informativa Interessati \u2013 Newsletter, &nbsp;mailing list e blog<\/em><\/strong><\/p>\n\n\n\n<p>Ai sensi e per gli effetti dell\u2019Articolo 13 del Regolamento 679\/2016\/UE &#8220;General Data Protection Regulation&#8221;, informiamo che il Comune di Cologno Monzese tratta i dati personali da lei forniti e liberamente comunicati. Il Comune di Cologno Monzese garantisce che il trattamento dei suoi dati personali si svolge nel rispetto dei diritti e delle libert\u00e0 fondamentali, nonch\u00e9 della sua dignit\u00e0, con particolare riferimento alla riservatezza, all\u2019identit\u00e0 personale e al diritto alla protezione dei dati personali.<\/p>\n\n\n\n<p><strong><u>1. Finalit\u00e0 del trattamento dei dati personali<\/u><\/strong><strong> (Art. 13.1.c Regolamento 679\/2016\/UE)<\/strong><\/p>\n\n\n\n<p>Tutti dati personali e le categorie particolari di dati personali comunicati dal soggetto Interessato, sono trattati dal Titolare del trattamento sulla base di uno o pi\u00f9 dei seguenti presupposti di liceit\u00e0:<\/p>\n\n\n\n<ul class=\"wp-block-list\"><li>Per l\u2019esecuzione di un contratto cui l\u2019interessato \u00e8 parte (articolo 6.1.b Regolamento 679\/2016\/UE)<\/li><\/ul>\n\n\n\n<p>In elenco, le finalit\u00e0 per cui i dati personali e le categorie particolari di dati personali dell\u2019Interessato verranno trattati:<\/p>\n\n\n\n<ul class=\"wp-block-list\"><li>inserimento nelle anagrafiche e nei database informatici comunali;<\/li><li>invio di comunicazioni relative all\u2019organizzazione di eventi e alle attivit\u00e0 promosse dalla Biblioteca del Comune di Cologno Monzese;<\/li><li>ottemperare a specifiche richieste dell\u2019Interessato.<\/li><\/ul>\n\n\n\n<p><strong>1.1<\/strong> Sulla base del presupposto di liceit\u00e0 che consente il trattamento dei dati personali per una o pi\u00f9 specifiche finalit\u00e0 dopo espresso consenso dell\u2019interessato (Articolo 6 par. 1, lett. a), Articolo 9 par. 2, lett. a) Reg. UE 679\/2016); sar\u00e0 possibile sottoporre i dati personali dell\u2019interessato ad attivit\u00e0 di profilazione, che anche sulla base delle registrazioni dei prestiti effettuati produce l\u2019invito mirato, da parte della Biblioteca, tramite email o sms, di comunicazioni che riguardano l\u2019ambito di interesse dell\u2019utente.<\/p>\n\n\n\n<p><strong><u>2. Le modalit\u00e0 del trattamento dei dati personali<\/u><\/strong><\/p>\n\n\n\n<p>Il trattamento dei suoi dati personali avviene presso gli uffici del Comune di Cologno Monzese, o qualora fosse necessario, presso i soggetti indicati al paragrafo 4, utilizzando sia supporti cartacei che informatici, per via sia telefonica che telematica, anche attraverso strumenti automatizzati atti a memorizzare, gestire e trasmettere i dati stessi, con l\u2019osservanza di ogni misura cautelativa, che ne garantisca la sicurezza e la riservatezza.<\/p>\n\n\n\n<p>Il trattamento si svilupper\u00e0 in modo da ridurre al minimo il rischio di distruzione o perdita, di accesso non autorizzato, di trattamento non conforme alle finalit\u00e0 della raccolta dei dati stessi. I suoi dati personali sono trattati:<\/p>\n\n\n\n<ul class=\"wp-block-list\"><li>nel rispetto del principio di minimizzazione, ai sensi degli articoli 5.1.c e 25.2 del Regolamento 679\/2016\/UE;<\/li><li>in modo lecito e secondo correttezza.<\/li><\/ul>\n\n\n\n<p>I suoi dati sono raccolti:<\/p>\n\n\n\n<ul class=\"wp-block-list\"><li>per scopi determinati espliciti e legittimi;<\/li><li>esatti e se necessario aggiornati;<\/li><li>pertinenti, completi e non eccedenti rispetto alle finalit\u00e0 del trattamento.<\/li><\/ul>\n\n\n\n<p><strong><u>3. Natura della raccolta e conseguenze di un eventuale mancato conferimento dei dati personali<\/u><\/strong><strong> (Art. 13.2.e Regolamento 679\/2016\/UE)<\/strong><\/p>\n\n\n\n<p>Il conferimento dei suoi dati personali \u00e8 obbligatorio per le finalit\u00e0 previste al paragrafo 1. Il loro mancato conferimento comporta la mancata erogazione del servizio richiesto del suo corretto svolgimento e degli eventuali adempimenti di legge. Per le finalit\u00e0 di cui al paragrafo 1.1 il conferimento di dati personali \u00e8 facoltativo e non pregiudica l\u2019iscrizione alla mailing list e alla newsletter. I suoi dati sono conservati presso l&#8217;Ente e i conservatori esterni. Qualora fosse necessario i suoi dati possono essere conservati anche da parte degli altri soggetti indicati al paragrafo 4.<\/p>\n\n\n\n<p><strong><u>4. Comunicazione e diffusione dei dati personali<\/u><\/strong><strong> (Art. 13.1.e Regolamento 679\/2016\/UE)<\/strong><\/p>\n\n\n\n<p>I suoi dati personali qualora fosse necessario, possono essere comunicati (con tale termine intendendosi il darne conoscenza ad uno o pi\u00f9 soggetti determinati), a:<\/p>\n\n\n\n<ul class=\"wp-block-list\"><li>soggetti la cui facolt\u00e0 di accesso ai dati \u00e8 riconosciuta da disposizioni di legge, normativa secondaria e comunitaria;<\/li><li>collaboratori, dipendenti, fornitori e consulenti del Comune di Cologno Monzese, nell&#8217;ambito delle relative mansioni e\/o di eventuali obblighi contrattuali, compresi i Responsabili dei trattamenti e gli Incaricati, nominati ai sensi del Regolamento 679\/2016\/UE;<\/li><li>persone fisiche e\/o giuridiche, pubbliche e\/o private, quando la comunicazione risulti necessaria o funzionale allo svolgimento dell\u2019attivit\u00e0 del Comune di Cologno Monzese nei modi e per le finalit\u00e0 sopra illustrate;<\/li><li>uffici postali, a spedizionieri e a corrieri per l\u2019invio di documentazione e\/o materiale;<\/li><\/ul>\n\n\n\n<p>I suoi dati personali non vengono in alcun caso diffusi, con tale termine intendendosi il darne conoscenza in qualunque modo ad una pluralit\u00e0 di soggetti indeterminati, fatti salvi gli obblighi di legge.<\/p>\n\n\n\n<p><strong><u>5. Titolare del trattamento dei dati personali<\/u><\/strong><strong> (Art. 13.1.a Regolamento 679\/2016\/UE)<\/strong><\/p>\n\n\n\n<p>Il Titolare del trattamento dei dati personali \u00e8 il Comune di Cologno Monzese. Alla data odierna ogni informazione inerente il Titolare, congiuntamente all\u2019elenco aggiornato dei Responsabili e degli Amministratori di sistema designati, \u00e8 reperibile presso la sede municipale del Comune di Cologno Monzese in Via Mazzini, 9 &#8211; 20093 Cologno Monzese (MI).<\/p>\n\n\n\n<p><strong><u>6. Data Protection Officer (DPO) \/ Responsabile della Protezione dei dati (RPD)<\/u><\/strong><strong> (Art. 13.1.b Regolamento 679\/2016\/UE)<\/strong><br><br>Il Data Protection Officer\/Responsabile della Protezione dei dati individuato dall&#8217;ente \u00e8 il seguente soggetto:<\/p>\n\n\n\n<figure class=\"wp-block-table\"><table><tbody><tr><td><strong>DPO<\/strong><\/td><td><strong>P.IVA<\/strong><\/td><td><strong>Via\/Piazza<\/strong><\/td><td><strong>CAP<\/strong><\/td><td><strong>Comune<\/strong><\/td><td><strong>Nominativo del DPO<\/strong><\/td><\/tr><tr><td>LTA S.r.l.<\/td><td>14243311009<\/td><td>Via della Conciliazione 10<\/td><td>00193<\/td><td>Roma<\/td><td>Recupero Luigi<\/td><\/tr><\/tbody><\/table><\/figure>\n\n\n\n<p>Il Data Protection Officer \u00e8 reperibile presso la sede municipale del Comune di Cologno Monzese in Via Mazzini, 9 &#8211; 20093 Cologno Monzese (MI). In caso di istanze\/comunicazione scritte da inviarsi in modalit\u00e0 digitale il Data Protection Officer pu\u00f2 essere contattato utilizzando i recapiti istituzionali dell&#8217;ente (protocollo.comunecolognomonzese@legalmail.it) indicati sul sito web dell&#8217;Ente.<\/p>\n\n\n\n<p><strong><u>7. Criteri utilizzati al fine di determinare il periodo di conservazione<\/u><\/strong><strong> (Art. 13.2.a Regolamento 679\/2016\/UE)<\/strong><\/p>\n\n\n\n<p>L&#8217;ente dichiara che i dati personali dell\u2019interessato oggetto del trattamento saranno conservati per il periodo necessario a rispettare i termini di conservazione stabiliti dal Piano di Conservazione dei comuni italiani (ANCI 2005) e comunque non superiori a quelli necessari per la gestione dei possibili ricorsi\/contenziosi.<\/p>\n\n\n\n<p><strong><u>8. Diritti dell\u2019Interessato<\/u><\/strong><strong> (Art. 13.2.b Regolamento 679\/2016\/UE)<\/strong><\/p>\n\n\n\n<p>Si comunica che, in qualsiasi momento, l\u2019interessato pu\u00f2 esercitare:<\/p>\n\n\n\n<ul class=\"wp-block-list\"><li>diritto di chiedere al Titolare del trattamento, ex Art. 15 Regolamento 679\/2016\/UE, di poter accedere ai propri dati personali;<\/li><li>diritto di chiedere al Titolare del trattamento, ex Art. 16 Regolamento 679\/2016\/UE, di poter rettificare i propri dati personali, ove quest\u2019ultimo non contrasti con la normativa vigente sulla conservazione dei dati stessi;<\/li><li>diritto di chiedere al Titolare del trattamento, ex Art. 17 Regolamento. 679\/2016\/UE, di poter cancellare i propri dati personali, ove quest\u2019ultimo non contrasti con la normativa vigente sulla conservazione dei dati stessi;<\/li><li>diritto di chiedere al Titolare del trattamento, ex Art. 18 Regolamento 679\/2016\/UE, di poter limitare il trattamento dei propri dati personali;<\/li><li>diritto di opporsi al trattamento, ex Art. 21 Regolamento 679\/2016\/UE.<\/li><li>diritto di revoca del consenso in qualsiasi momento senza pregiudicare la liceit\u00e0 del trattamento basata sul consenso prestato prima della revoca, ex Art. 7. 3 Regolamento 679\/2016\/UE<\/li><\/ul>\n\n\n\n<p><strong><u>9. Diritto di presentare reclamo<\/u><\/strong><strong> (Art. 13.2.d Regolamento 679\/2016\/UE)<\/strong><\/p>\n\n\n\n<p>Si rende noto all&#8217;interessato che ha il diritto di proporre reclamo ad una autorit\u00e0 di controllo (in particolar modo all&#8217;Autorit\u00e0 Garante per la protezione dei dati personali).<\/p>\n\n\n\n<p><strong>Il\/la sottoscritto\/a <\/strong><em>(cognome e nome)<\/em><\/p>\n\n\n\n<p>&#8230;&#8230;&#8230;&#8230;&#8230;&#8230;&#8230;&#8230;&#8230;&#8230;&#8230;&#8230;&#8230;&#8230;&#8230;&#8230;&#8230;&#8230;&#8230;&#8230;&#8230;&#8230;&#8230;&#8230;&#8230;&#8230;&#8230;&#8230;&#8230;&#8230;&#8230;&#8230;&#8230;&#8230;&#8230;&#8230;&#8230;&#8230;..<\/p>\n\n\n\n<figure class=\"wp-block-table\"><table><tbody><tr><td><strong>( ) presta il consenso<\/strong><\/td><td><strong>( ) nega il consenso<\/strong><\/td><\/tr><\/tbody><\/table><\/figure>\n\n\n\n<p><br>al trattamento dei dati personali di cui al precedente 1.1, ovvero alla profilazione e quindi alla registrazione dei gusti e degli interessi dell\u2019utente emergenti dalla tipologia di libri chiesti in prestito per l\u2019invio mirato, tramite email o sms, di eventi e novit\u00e0 che riguardano l\u2019ambito di interesse dell\u2019utente.<\/p>\n\n\n\n<figure class=\"wp-block-table\"><table><tbody><tr><td><strong>Luogo e data ______________________<\/strong><\/td><td><strong>Firma ______________________<\/strong><\/td><\/tr><\/tbody><\/table><\/figure>\n\n\n\n<p><strong>Da compilare nel caso in cui l\u2019interessato \u00e8 un soggetto minorenne:<\/strong><\/p>\n\n\n\n<p><strong>Il\/la sottoscritto\/a <\/strong><em>(cognome e nome)<\/em><\/p>\n\n\n\n<p>&#8230;&#8230;&#8230;&#8230;&#8230;&#8230;&#8230;&#8230;&#8230;&#8230;&#8230;&#8230;&#8230;&#8230;&#8230;&#8230;&#8230;&#8230;&#8230;&#8230;&#8230;&#8230;&#8230;&#8230;&#8230;&#8230;&#8230;&#8230;&#8230;&#8230;&#8230;&#8230;&#8230;&#8230;&#8230;&#8230;&#8230;&#8230;..<\/p>\n\n\n\n<p>in qualit\u00e0 di:<\/p>\n\n\n\n<figure class=\"wp-block-table\"><table><tbody><tr><td><strong>GENITORE \uf06f<\/strong><\/td><td><strong>TUTORE \uf06f<\/strong><\/td><td><strong>CURATORE \uf06f<\/strong><\/td><td><strong>ALTRO \uf06f<\/strong><\/td><\/tr><\/tbody><\/table><\/figure>\n\n\n\n<p>di <em>(cognome e nome minorenne)<\/em> &#8230;&#8230;&#8230;&#8230;&#8230;&#8230;&#8230;&#8230;&#8230;&#8230;&#8230;&#8230;&#8230;&#8230;&#8230;&#8230;&#8230;&#8230;&#8230;&#8230;&#8230;&#8230;&#8230;&#8230;&#8230;&#8230;&#8230;&#8230;&#8230;&#8230;&#8230;&#8230;&#8230;&#8230;&#8230;&#8230;&#8230;&#8230;&#8230;&#8230;.<\/p>\n\n\n\n<figure class=\"wp-block-table\"><table><tbody><tr><td><strong>( ) presta il consenso<\/strong><\/td><td><strong>( ) nega il consenso<\/strong><\/td><\/tr><\/tbody><\/table><\/figure>\n\n\n\n<p>al trattamento dei dati personali di cui al precedente 1.1, ovvero alla profilazione e quindi sulla base delle registrazioni dei prestiti effettuati sar\u00e0 possibile produrre &nbsp;l\u2019invito mirato, da parte della Biblioteca, tramite email o sms, di comunicazioni che riguardano l\u2019ambito di interesse dell\u2019utente.<\/p>\n\n\n\n<figure class=\"wp-block-table\"><table><tbody><tr><td><strong>Luogo e data ______________________<\/strong><\/td><td><strong>Firma ______________________<\/strong><\/td><\/tr><\/tbody><\/table><\/figure>\n","protected":false},"excerpt":{"rendered":"<p>INFORMATIVA PRIVACYRegolamento 679\/2016\/UEInformativa Interessati \u2013 Newsletter, &nbsp;mailing list e blog Ai sensi e per gli effetti dell\u2019Articolo 13 del Regolamento 679\/2016\/UE &#8220;General Data Protection Regulation&#8221;, informiamo che il Comune di<a class=\"more-link\" href=\"https:\/\/www.biblioteca.colognomonzese.mi.it\/v1\/?page_id=5472\">:- Richiedi il servizio -:<\/a><\/p>\n","protected":false},"author":1,"featured_media":0,"parent":0,"menu_order":0,"comment_status":"closed","ping_status":"closed","template":"","meta":{"_EventAllDay":false,"_EventTimezone":"","_EventStartDate":"","_EventEndDate":"","_EventStartDateUTC":"","_EventEndDateUTC":"","_EventShowMap":false,"_EventShowMapLink":false,"_EventURL":"","_EventCost":"","_EventCostDescription":"","_EventCurrencySymbol":"","_EventCurrencyCode":"","_EventCurrencyPosition":"","_EventDateTimeSeparator":"","_EventTimeRangeSeparator":"","_EventOrganizerID":[],"_EventVenueID":[],"_OrganizerEmail":"","_OrganizerPhone":"","_OrganizerWebsite":"","_VenueAddress":"","_VenueCity":"","_VenueCountry":"","_VenueProvince":"","_VenueState":"","_VenueZip":"","_VenuePhone":"","_VenueURL":"","_VenueStateProvince":"","_VenueLat":"","_VenueLng":"","_VenueShowMap":false,"_VenueShowMapLink":false,"jetpack_post_was_ever_published":false,"footnotes":""},"class_list":["entry","author-francowww-biblioteca","post-5472","page","type-page","status-publish"],"yoast_head":"<!-- This site is optimized with the Yoast SEO plugin v27.4 - https:\/\/yoast.com\/product\/yoast-seo-wordpress\/ -->\n<title>Modulo di sottoscrizione del consenso alla profilazione e informativa sul trattamento dei dati personali cos\u00ec conferiti. - Biblioteca civica Cologno Monzese<\/title>\n<meta name=\"description\" content=\"Modulo di sottoscrizione del consenso alla profilazione e informativa sul trattamento dei dati personali cos\u00ec conferiti.\" \/>\n<meta name=\"robots\" content=\"index, follow, max-snippet:-1, max-image-preview:large, max-video-preview:-1\" \/>\n<link rel=\"canonical\" href=\"https:\/\/www.biblioteca.colognomonzese.mi.it\/v1\/?page_id=5472\" \/>\n<meta property=\"og:locale\" content=\"it_IT\" \/>\n<meta property=\"og:type\" content=\"article\" \/>\n<meta property=\"og:title\" content=\"Modulo di sottoscrizione del consenso alla profilazione e informativa sul trattamento dei dati personali cos\u00ec conferiti. - Biblioteca civica Cologno Monzese\" \/>\n<meta property=\"og:description\" content=\"Modulo di sottoscrizione del consenso alla profilazione e informativa sul trattamento dei dati personali cos\u00ec conferiti.\" \/>\n<meta property=\"og:url\" content=\"https:\/\/www.biblioteca.colognomonzese.mi.it\/v1\/?page_id=5472\" \/>\n<meta property=\"og:site_name\" content=\"Biblioteca civica Cologno Monzese\" \/>\n<meta property=\"article:publisher\" content=\"https:\/\/www.facebook.com\/bibliotecacologno\/\" \/>\n<meta property=\"article:modified_time\" content=\"2021-12-20T15:46:29+00:00\" \/>\n<meta name=\"twitter:card\" content=\"summary_large_image\" \/>\n<meta name=\"twitter:site\" content=\"@BiblioCologno\" \/>\n<meta name=\"twitter:label1\" content=\"Tempo di lettura stimato\" \/>\n\t<meta name=\"twitter:data1\" content=\"7 minuti\" \/>\n<script type=\"application\/ld+json\" class=\"yoast-schema-graph\">{\"@context\":\"https:\\\/\\\/schema.org\",\"@graph\":[{\"@type\":\"WebPage\",\"@id\":\"https:\\\/\\\/www.biblioteca.colognomonzese.mi.it\\\/v1\\\/?page_id=5472\",\"url\":\"https:\\\/\\\/www.biblioteca.colognomonzese.mi.it\\\/v1\\\/?page_id=5472\",\"name\":\"Modulo di sottoscrizione del consenso alla profilazione e informativa sul trattamento dei dati personali cos\u00ec conferiti. - Biblioteca civica Cologno Monzese\",\"isPartOf\":{\"@id\":\"https:\\\/\\\/www.biblioteca.colognomonzese.mi.it\\\/v1\\\/#website\"},\"datePublished\":\"2021-12-20T15:46:26+00:00\",\"dateModified\":\"2021-12-20T15:46:29+00:00\",\"description\":\"Modulo di sottoscrizione del consenso alla profilazione e informativa sul trattamento dei dati personali cos\u00ec conferiti.\",\"breadcrumb\":{\"@id\":\"https:\\\/\\\/www.biblioteca.colognomonzese.mi.it\\\/v1\\\/?page_id=5472#breadcrumb\"},\"inLanguage\":\"it-IT\",\"potentialAction\":[{\"@type\":\"ReadAction\",\"target\":[\"https:\\\/\\\/www.biblioteca.colognomonzese.mi.it\\\/v1\\\/?page_id=5472\"]}]},{\"@type\":\"BreadcrumbList\",\"@id\":\"https:\\\/\\\/www.biblioteca.colognomonzese.mi.it\\\/v1\\\/?page_id=5472#breadcrumb\",\"itemListElement\":[{\"@type\":\"ListItem\",\"position\":1,\"name\":\"Home\",\"item\":\"https:\\\/\\\/www.biblioteca.colognomonzese.mi.it\\\/v1\"},{\"@type\":\"ListItem\",\"position\":2,\"name\":\"Modulo di sottoscrizione del consenso alla profilazione e informativa sul trattamento dei dati personali cos\u00ec conferiti.\"}]},{\"@type\":\"WebSite\",\"@id\":\"https:\\\/\\\/www.biblioteca.colognomonzese.mi.it\\\/v1\\\/#website\",\"url\":\"https:\\\/\\\/www.biblioteca.colognomonzese.mi.it\\\/v1\\\/\",\"name\":\"Biblioteca civica di Cologno Monzese\",\"description\":\"\",\"publisher\":{\"@id\":\"https:\\\/\\\/www.biblioteca.colognomonzese.mi.it\\\/v1\\\/#organization\"},\"potentialAction\":[{\"@type\":\"SearchAction\",\"target\":{\"@type\":\"EntryPoint\",\"urlTemplate\":\"https:\\\/\\\/www.biblioteca.colognomonzese.mi.it\\\/v1\\\/?s={search_term_string}\"},\"query-input\":{\"@type\":\"PropertyValueSpecification\",\"valueRequired\":true,\"valueName\":\"search_term_string\"}}],\"inLanguage\":\"it-IT\"},{\"@type\":\"Organization\",\"@id\":\"https:\\\/\\\/www.biblioteca.colognomonzese.mi.it\\\/v1\\\/#organization\",\"name\":\"Biblioteca civica di cologno Monzese\",\"url\":\"https:\\\/\\\/www.biblioteca.colognomonzese.mi.it\\\/v1\\\/\",\"logo\":{\"@type\":\"ImageObject\",\"inLanguage\":\"it-IT\",\"@id\":\"https:\\\/\\\/www.biblioteca.colognomonzese.mi.it\\\/v1\\\/#\\\/schema\\\/logo\\\/image\\\/\",\"url\":\"https:\\\/\\\/i0.wp.com\\\/www.biblioteca.colognomonzese.mi.it\\\/v1\\\/wp-content\\\/uploads\\\/2020\\\/05\\\/logo_solo_occhio.png?fit=120%2C162&ssl=1\",\"contentUrl\":\"https:\\\/\\\/i0.wp.com\\\/www.biblioteca.colognomonzese.mi.it\\\/v1\\\/wp-content\\\/uploads\\\/2020\\\/05\\\/logo_solo_occhio.png?fit=120%2C162&ssl=1\",\"width\":120,\"height\":162,\"caption\":\"Biblioteca civica di cologno Monzese\"},\"image\":{\"@id\":\"https:\\\/\\\/www.biblioteca.colognomonzese.mi.it\\\/v1\\\/#\\\/schema\\\/logo\\\/image\\\/\"},\"sameAs\":[\"https:\\\/\\\/www.facebook.com\\\/bibliotecacologno\\\/\",\"https:\\\/\\\/x.com\\\/BiblioCologno\",\"https:\\\/\\\/www.instagram.com\\\/explore\\\/tags\\\/bibliotecacologno\\\/?hl=it\",\"https:\\\/\\\/www.youtube.com\\\/channel\\\/UC4xK5nXFqR5gbtRnfSVc7Qw\\\/featured\"]}]}<\/script>\n<!-- \/ Yoast SEO plugin. -->","yoast_head_json":{"title":"Modulo di sottoscrizione del consenso alla profilazione e informativa sul trattamento dei dati personali cos\u00ec conferiti. - Biblioteca civica Cologno Monzese","description":"Modulo di sottoscrizione del consenso alla profilazione e informativa sul trattamento dei dati personali cos\u00ec conferiti.","robots":{"index":"index","follow":"follow","max-snippet":"max-snippet:-1","max-image-preview":"max-image-preview:large","max-video-preview":"max-video-preview:-1"},"canonical":"https:\/\/www.biblioteca.colognomonzese.mi.it\/v1\/?page_id=5472","og_locale":"it_IT","og_type":"article","og_title":"Modulo di sottoscrizione del consenso alla profilazione e informativa sul trattamento dei dati personali cos\u00ec conferiti. - Biblioteca civica Cologno Monzese","og_description":"Modulo di sottoscrizione del consenso alla profilazione e informativa sul trattamento dei dati personali cos\u00ec conferiti.","og_url":"https:\/\/www.biblioteca.colognomonzese.mi.it\/v1\/?page_id=5472","og_site_name":"Biblioteca civica Cologno Monzese","article_publisher":"https:\/\/www.facebook.com\/bibliotecacologno\/","article_modified_time":"2021-12-20T15:46:29+00:00","twitter_card":"summary_large_image","twitter_site":"@BiblioCologno","twitter_misc":{"Tempo di lettura stimato":"7 minuti"},"schema":{"@context":"https:\/\/schema.org","@graph":[{"@type":"WebPage","@id":"https:\/\/www.biblioteca.colognomonzese.mi.it\/v1\/?page_id=5472","url":"https:\/\/www.biblioteca.colognomonzese.mi.it\/v1\/?page_id=5472","name":"Modulo di sottoscrizione del consenso alla profilazione e informativa sul trattamento dei dati personali cos\u00ec conferiti. - Biblioteca civica Cologno Monzese","isPartOf":{"@id":"https:\/\/www.biblioteca.colognomonzese.mi.it\/v1\/#website"},"datePublished":"2021-12-20T15:46:26+00:00","dateModified":"2021-12-20T15:46:29+00:00","description":"Modulo di sottoscrizione del consenso alla profilazione e informativa sul trattamento dei dati personali cos\u00ec conferiti.","breadcrumb":{"@id":"https:\/\/www.biblioteca.colognomonzese.mi.it\/v1\/?page_id=5472#breadcrumb"},"inLanguage":"it-IT","potentialAction":[{"@type":"ReadAction","target":["https:\/\/www.biblioteca.colognomonzese.mi.it\/v1\/?page_id=5472"]}]},{"@type":"BreadcrumbList","@id":"https:\/\/www.biblioteca.colognomonzese.mi.it\/v1\/?page_id=5472#breadcrumb","itemListElement":[{"@type":"ListItem","position":1,"name":"Home","item":"https:\/\/www.biblioteca.colognomonzese.mi.it\/v1"},{"@type":"ListItem","position":2,"name":"Modulo di sottoscrizione del consenso alla profilazione e informativa sul trattamento dei dati personali cos\u00ec conferiti."}]},{"@type":"WebSite","@id":"https:\/\/www.biblioteca.colognomonzese.mi.it\/v1\/#website","url":"https:\/\/www.biblioteca.colognomonzese.mi.it\/v1\/","name":"Biblioteca civica di Cologno Monzese","description":"","publisher":{"@id":"https:\/\/www.biblioteca.colognomonzese.mi.it\/v1\/#organization"},"potentialAction":[{"@type":"SearchAction","target":{"@type":"EntryPoint","urlTemplate":"https:\/\/www.biblioteca.colognomonzese.mi.it\/v1\/?s={search_term_string}"},"query-input":{"@type":"PropertyValueSpecification","valueRequired":true,"valueName":"search_term_string"}}],"inLanguage":"it-IT"},{"@type":"Organization","@id":"https:\/\/www.biblioteca.colognomonzese.mi.it\/v1\/#organization","name":"Biblioteca civica di cologno Monzese","url":"https:\/\/www.biblioteca.colognomonzese.mi.it\/v1\/","logo":{"@type":"ImageObject","inLanguage":"it-IT","@id":"https:\/\/www.biblioteca.colognomonzese.mi.it\/v1\/#\/schema\/logo\/image\/","url":"https:\/\/i0.wp.com\/www.biblioteca.colognomonzese.mi.it\/v1\/wp-content\/uploads\/2020\/05\/logo_solo_occhio.png?fit=120%2C162&ssl=1","contentUrl":"https:\/\/i0.wp.com\/www.biblioteca.colognomonzese.mi.it\/v1\/wp-content\/uploads\/2020\/05\/logo_solo_occhio.png?fit=120%2C162&ssl=1","width":120,"height":162,"caption":"Biblioteca civica di cologno Monzese"},"image":{"@id":"https:\/\/www.biblioteca.colognomonzese.mi.it\/v1\/#\/schema\/logo\/image\/"},"sameAs":["https:\/\/www.facebook.com\/bibliotecacologno\/","https:\/\/x.com\/BiblioCologno","https:\/\/www.instagram.com\/explore\/tags\/bibliotecacologno\/?hl=it","https:\/\/www.youtube.com\/channel\/UC4xK5nXFqR5gbtRnfSVc7Qw\/featured"]}]}},"jetpack_shortlink":"https:\/\/wp.me\/Pc1xYY-1qg","jetpack_sharing_enabled":true,"_links":{"self":[{"href":"https:\/\/www.biblioteca.colognomonzese.mi.it\/v1\/index.php?rest_route=\/wp\/v2\/pages\/5472","targetHints":{"allow":["GET"]}}],"collection":[{"href":"https:\/\/www.biblioteca.colognomonzese.mi.it\/v1\/index.php?rest_route=\/wp\/v2\/pages"}],"about":[{"href":"https:\/\/www.biblioteca.colognomonzese.mi.it\/v1\/index.php?rest_route=\/wp\/v2\/types\/page"}],"author":[{"embeddable":true,"href":"https:\/\/www.biblioteca.colognomonzese.mi.it\/v1\/index.php?rest_route=\/wp\/v2\/users\/1"}],"replies":[{"embeddable":true,"href":"https:\/\/www.biblioteca.colognomonzese.mi.it\/v1\/index.php?rest_route=%2Fwp%2Fv2%2Fcomments&post=5472"}],"version-history":[{"count":2,"href":"https:\/\/www.biblioteca.colognomonzese.mi.it\/v1\/index.php?rest_route=\/wp\/v2\/pages\/5472\/revisions"}],"predecessor-version":[{"id":5474,"href":"https:\/\/www.biblioteca.colognomonzese.mi.it\/v1\/index.php?rest_route=\/wp\/v2\/pages\/5472\/revisions\/5474"}],"wp:attachment":[{"href":"https:\/\/www.biblioteca.colognomonzese.mi.it\/v1\/index.php?rest_route=%2Fwp%2Fv2%2Fmedia&parent=5472"}],"curies":[{"name":"wp","href":"https:\/\/api.w.org\/{rel}","templated":true}]}}