{"id":5469,"date":"2021-12-20T16:38:26","date_gmt":"2021-12-20T15:38:26","guid":{"rendered":"https:\/\/www.biblioteca.colognomonzese.mi.it\/v1\/?page_id=5469"},"modified":"2021-12-20T16:52:14","modified_gmt":"2021-12-20T15:52:14","slug":"informativa-sul-trattamento-dei-dati-personali-conferiti-dal-personale-volontario-modulo-di-sottoscrizione","status":"publish","type":"page","link":"https:\/\/www.biblioteca.colognomonzese.mi.it\/v1\/?page_id=5469","title":{"rendered":"Modulo di sottoscrizione e informativa sul trattamento dei dati personali conferiti dal personale volontario."},"content":{"rendered":"\n<p><strong>INFORMATIVA PRIVACY&nbsp;<\/strong><strong><br>Regolamento 679\/2016\/UE<br><em>Informativa Interessati &#8211; personale volontario<\/em><\/strong><\/p>\n\n\n\n<p>Ai sensi e per gli effetti dell\u2019Articolo 13 del Regolamento 679\/2016\/UE &#8220;General Data Protection Regulation&#8221;, informiamo che Comune di Cologno Monzese tratta i dati personali forniti e liberamente comunicati dall&#8217;interessato. Comune di Cologno Monzese garantisce che il trattamento dei dati personali si svolge nel rispetto dei diritti e delle libert\u00e0 fondamentali, nonch\u00e9 della sua dignit\u00e0, con particolare riferimento alla riservatezza, all&#8217;identit\u00e0 personale e al diritto alla protezione dei dati personali.<\/p>\n\n\n\n<p><strong><u>1. Finalit\u00e0 del trattamento dei dati personali<\/u><\/strong><strong> (Art. 13.1.c Regolamento 679\/2016)<\/strong><\/p>\n\n\n\n<p>Tutti i dati personali comunicati dall&#8217;interessato sono trattati per assolvere ad adempimenti previsti da leggi, da regolamenti, dalla normativa comunitaria e per lo svolgimento delle funzioni istituzionali (articolo 6.1.c Regolamento 679\/2016\/UE), per espresso consenso al trattamento dei dati personali da parte dell&#8217;interessato (art. 6, par. 1, lett. a) e art. 9, par. 2, lett. a)), per l\u2019esecuzione di un contratto cui l\u2019interessato \u00e8 parte (articolo 6.1.b Regolamento 679\/2016\/UE), per assolvere gli obblighi ed esercitare i diritti specifici del titolare del trattamento o dell\u2019interessato in materia di diritto del lavoro e della sicurezza sociale e protezione sociale, nella misura in cui \u00e8 autorizzato dal diritto UE o dagli Stati membri o da un contratto collettivo ai sensi del diritto degli Stati membri, in presenza di garanzie appropriate per i diritti fondamentali e gli interessi dell\u2019interessato (articolo 9.2.b Regolamento 679\/2016\/UE) in particolare per:<\/p>\n\n\n\n<ul class=\"wp-block-list\"><li>l\u2019inserimento nelle anagrafiche e nei database informatici comunali;<\/li><li>la gestione amministrativa del rapporto di collaborazione;<\/li><li>la progettazione dell\u2019attivit\u00e0 del collaboratore all&#8217;interno&nbsp;della struttura individuata all&#8217;interno&nbsp;del Comune;<\/li><li>la tracciabilit\u00e0 degli accessi alla rete Internet connessi all&#8217;eventuale svolgimento di controlli sporadici o difensivi (comunque preceduti da una prima fase di monitoraggio anonimo delle connessioni effettuate);<\/li><li>l\u2019archiviazione dei log degli accessi alla rete informatica dell&#8217;Ente in modalit\u00e0 non intellegibile allo stesso Titolare del trattamento ed esclusivamente destinati ad eventuali richieste dell\u2019Autorit\u00e0 Giudiziaria;<\/li><li>assolvere a specifiche richieste dell&#8217;interessato.<\/li><\/ul>\n\n\n\n<p>1.A Finalit\u00e0 connesse alla gestione di immagini e filmati dell\u2019Interessato per la realizzazione di materiale divulgativo, informativo e pubblicitario legato esclusivamente all\u2019attivit\u00e0 del Comune di Cologno Monzese, pubblicabile sul sito ed eventuali social network istituzionali di cui l&#8217;Ente \u00e8 amministratore.<\/p>\n\n\n\n<p><strong><u>2. Le modalit\u00e0 del trattamento dei dati personali<\/u><\/strong><\/p>\n\n\n\n<p>Il trattamento dei suoi dati personali avviene presso gli uffici comunali, o qualora fosse necessario, presso i soggetti indicati al paragrafo 4, utilizzando sia supporti cartacei che informatici anche attraverso strumenti automatizzati atti a memorizzare, gestire e trasmettere i dati stessi, con l\u2019osservanza di ogni misura cautelativa, che ne garantisca la sicurezza e la riservatezza. Il trattamento si svilupper\u00e0 in modo da ridurre al minimo il rischio di distruzione o perdita, di accesso non autorizzato, di trattamento non conforme alle finalit\u00e0 della raccolta dei dati stessi. I suoi dati personali sono trattati nel rispetto del principio di minimizzazione, ai sensi dell&#8217;articolo 5.1.c e 25.2 del Regolamento 679\/2016\/UE, quindi in modo lecito e secondo correttezza; sono raccolti per scopi determinati espliciti e legittimi; esatti e se necessario aggiornati; pertinenti, completi e non eccedenti rispetto alle finalit\u00e0 del trattamento.<\/p>\n\n\n\n<p><strong><u>3. Natura della raccolta e conseguenze di un eventuale mancato conferimento dei dati personali<\/u><\/strong><strong>&nbsp;(Art. 13.2.e Regolamento 679\/2016\/UE)<\/strong><\/p>\n\n\n\n<p>Il conferimento dei dati personali dell&#8217;interessato \u00e8 obbligatorio per le finalit\u00e0 previste al paragrafo 1. Il loro mancato conferimento comporta la mancata attivazione del rapporto di collaborazione, del suo corretto svolgimento e degli eventuali adempimenti di legge. I dati personali sono conservati presso gli uffici e, qualora fosse necessario, presso i soggetti indicati al paragrafo 4.<\/p>\n\n\n\n<p>Il conferimento dei dati personali per le finalit\u00e0 di cui al punto 1.A \u00e8 facoltativo, ed il loro mancato conferimento non pregiudica l\u2019instaurazione e prosecuzione del rapporto di lavoro subordinato e\/o collaborazione.<\/p>\n\n\n\n<p><strong><u>4. Comunicazione e diffusione dei dati personali<\/u><\/strong><strong> (Art. 13.1.e Regolamento 679\/2016\/UE)<\/strong><\/p>\n\n\n\n<p>I dati personali qualora fosse necessario, possono essere comunicati (con tale termine intendendosi il darne conoscenza ad uno o pi\u00f9 soggetti determinati), a:<\/p>\n\n\n\n<ul class=\"wp-block-list\"><li>soggetti la cui facolt\u00e0 di accesso ai dati \u00e8 riconosciuta da disposizioni di legge, normativa secondaria e comunitaria;<\/li><li>collaboratori, dipendenti, fornitori e consulenti di Comune di Cologno Monzese, nell&#8217;ambito delle relative mansioni e\/o di eventuali obblighi contrattuali, compresi i Responsabili dei trattamenti e gli Incaricati, nominati ai sensi del Regolamento 679\/2016\/UE;<\/li><li>persone fisiche e\/o giuridiche, pubbliche e\/o private, quando la comunicazione risulti necessaria o funzionale allo svolgimento dell\u2019attivit\u00e0 di Comune di Cologno Monzese nei modi e per le finalit\u00e0 sopra illustrate;<\/li><li>uffici postali, a spedizionieri e a corrieri per l\u2019invio di documentazione e\/o materiale.<\/li><\/ul>\n\n\n\n<p>I dati personali dell&#8217;interessato non vengono in alcun caso diffusi, con tale termine intendendosi il darne conoscenza in qualunque modo ad una pluralit\u00e0 di soggetti indeterminati, fatti salvi gli obblighi di legge.<\/p>\n\n\n\n<p>I dati sensibili dell&#8217;interessato possono essere comunicati esclusivamente ai seguenti soggetti, enti od organizzazioni:<\/p>\n\n\n\n<ul class=\"wp-block-list\"><li>ai soggetti la cui facolt\u00e0 di accesso ai dati \u00e8 riconosciuta da disposizioni di legge, normativa secondaria, comunitaria;<\/li><li>ai soggetti ai quali la comunicazione dei dati personali e le categorie particolari di dati personali dell\u2019Interessato risulti necessaria o comunque funzionale alla gestione prestazione richiesta nei modi e per le finalit\u00e0 sopra illustrate;<\/li><li>agli uffici postali, a spedizionieri ed a corrieri per l\u2019invio di documentazione e\/o materiale.<\/li><\/ul>\n\n\n\n<p>Le categorie di dati personali dell&#8217;interessato di cui il Comune dovesse venire a conoscenza (a titolo esemplificativo, dati idonei a rivelare lo stato di salute, i certificati relativi ad infortuni sul lavoro, dati relativi all&#8217;appartenenza a categorie protette, le convinzioni, politiche, religiose o di altro genere) saranno trattati al solo fine di adempiere agli obblighi derivanti dalla legge. I dati personali dell&#8217;interessato non vengono in alcun caso diffusi, con tale termine intendendosi il darne conoscenza in qualunque modo ad una pluralit\u00e0 di soggetti indeterminati, fatti salvi gli obblighi di legge.<\/p>\n\n\n\n<p><strong><u>5. Titolare del trattamento dei dati personali<\/u><\/strong><strong> (Art. 13.1.a Regolamento 679\/2016\/UE)<\/strong><\/p>\n\n\n\n<p>Il Titolare del trattamento dei dati personali \u00e8 Comune di Cologno Monzese. Alla data odierna ogni informazione inerente il Titolare, congiuntamente all&#8217;elenco aggiornato dei Responsabili e degli Amministratori di sistema designati, \u00e8 reperibile presso la sede del Comune di Cologno Monzese.<\/p>\n\n\n\n<p><strong><u>6. Data Protection Officer (DPO) \/ Responsabile della Protezione dei dati (RPD)<\/u><\/strong><strong> (Art. 13.1.b Regolamento 679\/2016\/UE)<\/strong><\/p>\n\n\n\n<p>Il Data Protection Officer\/Responsabile della Protezione dei dati individuato dall&#8217;ente \u00e8 il seguente soggetto:<\/p>\n\n\n\n<figure class=\"wp-block-table\"><table><tbody><tr><td><strong>DPO<\/strong><\/td><td><strong>P.IVA<\/strong><\/td><td><strong>Via\/Piazza<\/strong><\/td><td><strong>CAP<\/strong><\/td><td><strong>Comune<\/strong><\/td><td><strong>Nominativo del DPO<\/strong><\/td><\/tr><tr><td>LTA S.r.l.<\/td><td>14243311009<\/td><td>Via della Conciliazione, 10<\/td><td>00193<\/td><td>Roma<\/td><td>Recupero Luigi<\/td><\/tr><\/tbody><\/table><\/figure>\n\n\n\n<p>Il Data Protection Officer \u00e8 reperibile presso la sede municipale del Comune di Cologno Monzese in Via Mazzini, 9 &#8211; 20093 Cologno Monzese (MI). In caso di istanze\/comunicazione scritte da inviarsi in modalit\u00e0 digitale il Data Protection Officer pu\u00f2 essere contattato utilizzando i recapiti istituzionali dell&#8217;ente (protocollo.comunecolognomonzese@legalmail.it) indicati sul sito web dell&#8217;Ente.<\/p>\n\n\n\n<p><strong><u>7. Criteri utilizzati al fine di determinare il periodo di conservazione<\/u><\/strong><strong> (Art. 13.2.a Regolamento 679\/2016\/UE)<\/strong><\/p>\n\n\n\n<p>Comune di Cologno Monzese dichiara che i dati personali dell\u2019Interessato oggetto del trattamento saranno conservati per il periodo necessario a rispettare i termini di conservazione stabiliti dal Piano di Conservazione dei comuni italiani (ANCI 2005) e comunque non superiori a quelli necessari per la gestione dei possibili ricorsi\/contenziosi.<\/p>\n\n\n\n<p><strong><u>8. Diritti dell\u2019Interessato<\/u><\/strong><strong> (Art. 13.2.b Regolamento 679\/2016\/UE)<\/strong><\/p>\n\n\n\n<p>Si comunica che, in qualsiasi momento, l\u2019interessato pu\u00f2 esercitare:<\/p>\n\n\n\n<ul class=\"wp-block-list\"><li>diritto di revocare il consenso espresso, ex art. 7, par. 3 Reg. 679\/2016;<\/li><\/ul>\n\n\n\n<ul class=\"wp-block-list\"><li>diritto di chiedere al Titolare del trattamento, ex Art. 15 Reg. 679\/2016, di poter accedere ai propri dati personali;<\/li><li>diritto di chiedere al Titolare del trattamento, ex Art. 16 Reg. 679\/2016, di poter rettificare i propri dati personali, ove quest\u2019ultimo non contrasti con la normativa vigente sulla conservazione dei dati&nbsp; &nbsp;stessi;<\/li><li>diritto di chiedere al Titolare del trattamento, ex Art. 17 Reg. 679\/2016, di poter cancellare i propri dati personali, ove quest\u2019ultimo non contrasti con la normativa vigente sulla conservazione dei dati stessi;<\/li><li>diritto di chiedere al Titolare del trattamento, ex Art. 18 Reg. 679\/2016, di poter limitare il trattamento dei propri dati personali;<\/li><li>diritto di opporsi al trattamento, ex Art. 21 Reg. 679\/2016.<\/li><\/ul>\n\n\n\n<p><strong><u>9. Diritto di presentare reclamo<\/u><\/strong><strong> (Art. 13.2.d Regolamento 679\/2016\/UE)<\/strong><\/p>\n\n\n\n<p>Si rende noto all&#8217;interessato che ha il diritto di proporre reclamo ad una autorit\u00e0 di controllo (in particolar modo all&#8217;Autorit\u00e0 Garante per la protezione dei dati personali).&nbsp;Lei pu\u00f2 esercitare i diritti di cui sopra con richiesta rivolta senza formalit\u00e0 al Titolare del trattamento dei dati personali, che fornir\u00e0 tempestivo riscontro. Lei pu\u00f2 far valere i propri diritti compilando e recapitando la propria richiesta tramite il relativo modulo (modello per rivolgersi al Titolare), consultabile e scaricabile dal sito del Garante Privacy.<\/p>\n\n\n\n<p>La sua richiesta pu\u00f2 essere recapitata al Titolare anche mediante posta ordinaria, lettera raccomandata o posta elettronica ordinaria e\/o certificata.<\/p>\n\n\n\n<p><strong>Il\/la sottoscritto\/a <\/strong><em>(cognome e nome)<\/em> &#8230;&#8230;&#8230;&#8230;&#8230;&#8230;&#8230;&#8230;&#8230;&#8230;&#8230;&#8230;&#8230;&#8230;&#8230;&#8230;&#8230;&#8230;&#8230;&#8230;&#8230;&#8230;&#8230;&#8230;&#8230;&#8230;&#8230;&#8230;&#8230;&#8230;&#8230;&#8230;&#8230;&#8230;&#8230;&#8230;&#8230;&#8230;..<\/p>\n\n\n\n<p>dichiara di aver ricevuto e preso atto dell\u2019informativa di cui all\u2019Articolo 13 del Regolamento 679\/2016\/UE &#8220;General Data Protection Regulation&#8221;.<\/p>\n\n\n\n<figure class=\"wp-block-table\"><table><tbody><tr><td><strong>Luogo e data ______________________<\/strong><\/td><td><strong>Firma ______________________<\/strong><\/td><\/tr><\/tbody><\/table><\/figure>\n\n\n\n<p><strong>Richiesta del consenso per l\u2019utilizzo di dati personali dell\u2019interessato (fotografie, filmati e suono della voce)<\/strong><\/p>\n\n\n\n<p><strong>Il\/la sottoscritto\/a <\/strong><em>(cognome e nome)<\/em> &#8230;&#8230;&#8230;&#8230;&#8230;&#8230;&#8230;&#8230;&#8230;&#8230;&#8230;&#8230;&#8230;&#8230;&#8230;&#8230;&#8230;&#8230;&#8230;&#8230;&#8230;&#8230;&#8230;&#8230;&#8230;&#8230;&#8230;&#8230;&#8230;&#8230;&#8230;&#8230;&#8230;&#8230;&#8230;&#8230;&#8230;&#8230;..<\/p>\n\n\n\n<figure class=\"wp-block-table\"><table><tbody><tr><td><strong>( ) presta il consenso<\/strong><\/td><td><strong>( ) nega il consenso<\/strong><\/td><\/tr><\/tbody><\/table><\/figure>\n\n\n\n<p><br>ad essere fotografato e filmato (con eventuale raccolta audio) durante lo svolgimento dell&#8217;attivit\u00e0 istituzionale per la diffusione della propria immagine sul sito ed eventuali social network istituzionali di cui l&#8217;Ente \u00e8 amministratore.&nbsp;<\/p>\n\n\n\n<figure class=\"wp-block-table\"><table><tbody><tr><td><strong>Luogo e data ______________________<\/strong><\/td><td><strong>Firma ______________________<\/strong><\/td><\/tr><\/tbody><\/table><\/figure>\n","protected":false},"excerpt":{"rendered":"<p>INFORMATIVA PRIVACY&nbsp;Regolamento 679\/2016\/UEInformativa Interessati &#8211; personale volontario Ai sensi e per gli effetti dell\u2019Articolo 13 del Regolamento 679\/2016\/UE &#8220;General Data Protection Regulation&#8221;, informiamo che Comune di Cologno Monzese tratta i<a class=\"more-link\" href=\"https:\/\/www.biblioteca.colognomonzese.mi.it\/v1\/?page_id=5469\">:- Richiedi il servizio -:<\/a><\/p>\n","protected":false},"author":1,"featured_media":0,"parent":0,"menu_order":0,"comment_status":"closed","ping_status":"closed","template":"","meta":{"_EventAllDay":false,"_EventTimezone":"","_EventStartDate":"","_EventEndDate":"","_EventStartDateUTC":"","_EventEndDateUTC":"","_EventShowMap":false,"_EventShowMapLink":false,"_EventURL":"","_EventCost":"","_EventCostDescription":"","_EventCurrencySymbol":"","_EventCurrencyCode":"","_EventCurrencyPosition":"","_EventDateTimeSeparator":"","_EventTimeRangeSeparator":"","_EventOrganizerID":[],"_EventVenueID":[],"_OrganizerEmail":"","_OrganizerPhone":"","_OrganizerWebsite":"","_VenueAddress":"","_VenueCity":"","_VenueCountry":"","_VenueProvince":"","_VenueState":"","_VenueZip":"","_VenuePhone":"","_VenueURL":"","_VenueStateProvince":"","_VenueLat":"","_VenueLng":"","_VenueShowMap":false,"_VenueShowMapLink":false,"jetpack_post_was_ever_published":false,"footnotes":""},"class_list":["entry","author-francowww-biblioteca","post-5469","page","type-page","status-publish"],"yoast_head":"<!-- This site is optimized with the Yoast SEO plugin v27.4 - https:\/\/yoast.com\/product\/yoast-seo-wordpress\/ -->\n<title>Modulo di sottoscrizione e informativa sul trattamento dei dati personali conferiti dal personale volontario. - Biblioteca civica Cologno Monzese<\/title>\n<meta name=\"description\" content=\"Modulo di sottoscrizione e informativa sul trattamento dei dati personali conferiti dal personale volontario.\" \/>\n<meta name=\"robots\" content=\"index, follow, max-snippet:-1, max-image-preview:large, max-video-preview:-1\" \/>\n<link rel=\"canonical\" href=\"https:\/\/www.biblioteca.colognomonzese.mi.it\/v1\/?page_id=5469\" \/>\n<meta property=\"og:locale\" content=\"it_IT\" \/>\n<meta property=\"og:type\" content=\"article\" \/>\n<meta property=\"og:title\" content=\"Modulo di sottoscrizione e informativa sul trattamento dei dati personali conferiti dal personale volontario. - Biblioteca civica Cologno Monzese\" \/>\n<meta property=\"og:description\" content=\"Modulo di sottoscrizione e informativa sul trattamento dei dati personali conferiti dal personale volontario.\" \/>\n<meta property=\"og:url\" content=\"https:\/\/www.biblioteca.colognomonzese.mi.it\/v1\/?page_id=5469\" \/>\n<meta property=\"og:site_name\" content=\"Biblioteca civica Cologno Monzese\" \/>\n<meta property=\"article:publisher\" content=\"https:\/\/www.facebook.com\/bibliotecacologno\/\" \/>\n<meta property=\"article:modified_time\" content=\"2021-12-20T15:52:14+00:00\" \/>\n<meta name=\"twitter:card\" content=\"summary_large_image\" \/>\n<meta name=\"twitter:site\" content=\"@BiblioCologno\" \/>\n<meta name=\"twitter:label1\" content=\"Tempo di lettura stimato\" \/>\n\t<meta name=\"twitter:data1\" content=\"8 minuti\" \/>\n<script type=\"application\/ld+json\" class=\"yoast-schema-graph\">{\"@context\":\"https:\\\/\\\/schema.org\",\"@graph\":[{\"@type\":\"WebPage\",\"@id\":\"https:\\\/\\\/www.biblioteca.colognomonzese.mi.it\\\/v1\\\/?page_id=5469\",\"url\":\"https:\\\/\\\/www.biblioteca.colognomonzese.mi.it\\\/v1\\\/?page_id=5469\",\"name\":\"Modulo di sottoscrizione e informativa sul trattamento dei dati personali conferiti dal personale volontario. - Biblioteca civica Cologno Monzese\",\"isPartOf\":{\"@id\":\"https:\\\/\\\/www.biblioteca.colognomonzese.mi.it\\\/v1\\\/#website\"},\"datePublished\":\"2021-12-20T15:38:26+00:00\",\"dateModified\":\"2021-12-20T15:52:14+00:00\",\"description\":\"Modulo di sottoscrizione e informativa sul trattamento dei dati personali conferiti dal personale volontario.\",\"breadcrumb\":{\"@id\":\"https:\\\/\\\/www.biblioteca.colognomonzese.mi.it\\\/v1\\\/?page_id=5469#breadcrumb\"},\"inLanguage\":\"it-IT\",\"potentialAction\":[{\"@type\":\"ReadAction\",\"target\":[\"https:\\\/\\\/www.biblioteca.colognomonzese.mi.it\\\/v1\\\/?page_id=5469\"]}]},{\"@type\":\"BreadcrumbList\",\"@id\":\"https:\\\/\\\/www.biblioteca.colognomonzese.mi.it\\\/v1\\\/?page_id=5469#breadcrumb\",\"itemListElement\":[{\"@type\":\"ListItem\",\"position\":1,\"name\":\"Home\",\"item\":\"https:\\\/\\\/www.biblioteca.colognomonzese.mi.it\\\/v1\"},{\"@type\":\"ListItem\",\"position\":2,\"name\":\"Modulo di sottoscrizione e informativa sul trattamento dei dati personali conferiti dal personale volontario.\"}]},{\"@type\":\"WebSite\",\"@id\":\"https:\\\/\\\/www.biblioteca.colognomonzese.mi.it\\\/v1\\\/#website\",\"url\":\"https:\\\/\\\/www.biblioteca.colognomonzese.mi.it\\\/v1\\\/\",\"name\":\"Biblioteca civica di Cologno Monzese\",\"description\":\"\",\"publisher\":{\"@id\":\"https:\\\/\\\/www.biblioteca.colognomonzese.mi.it\\\/v1\\\/#organization\"},\"potentialAction\":[{\"@type\":\"SearchAction\",\"target\":{\"@type\":\"EntryPoint\",\"urlTemplate\":\"https:\\\/\\\/www.biblioteca.colognomonzese.mi.it\\\/v1\\\/?s={search_term_string}\"},\"query-input\":{\"@type\":\"PropertyValueSpecification\",\"valueRequired\":true,\"valueName\":\"search_term_string\"}}],\"inLanguage\":\"it-IT\"},{\"@type\":\"Organization\",\"@id\":\"https:\\\/\\\/www.biblioteca.colognomonzese.mi.it\\\/v1\\\/#organization\",\"name\":\"Biblioteca civica di cologno Monzese\",\"url\":\"https:\\\/\\\/www.biblioteca.colognomonzese.mi.it\\\/v1\\\/\",\"logo\":{\"@type\":\"ImageObject\",\"inLanguage\":\"it-IT\",\"@id\":\"https:\\\/\\\/www.biblioteca.colognomonzese.mi.it\\\/v1\\\/#\\\/schema\\\/logo\\\/image\\\/\",\"url\":\"https:\\\/\\\/i0.wp.com\\\/www.biblioteca.colognomonzese.mi.it\\\/v1\\\/wp-content\\\/uploads\\\/2020\\\/05\\\/logo_solo_occhio.png?fit=120%2C162&ssl=1\",\"contentUrl\":\"https:\\\/\\\/i0.wp.com\\\/www.biblioteca.colognomonzese.mi.it\\\/v1\\\/wp-content\\\/uploads\\\/2020\\\/05\\\/logo_solo_occhio.png?fit=120%2C162&ssl=1\",\"width\":120,\"height\":162,\"caption\":\"Biblioteca civica di cologno Monzese\"},\"image\":{\"@id\":\"https:\\\/\\\/www.biblioteca.colognomonzese.mi.it\\\/v1\\\/#\\\/schema\\\/logo\\\/image\\\/\"},\"sameAs\":[\"https:\\\/\\\/www.facebook.com\\\/bibliotecacologno\\\/\",\"https:\\\/\\\/x.com\\\/BiblioCologno\",\"https:\\\/\\\/www.instagram.com\\\/explore\\\/tags\\\/bibliotecacologno\\\/?hl=it\",\"https:\\\/\\\/www.youtube.com\\\/channel\\\/UC4xK5nXFqR5gbtRnfSVc7Qw\\\/featured\"]}]}<\/script>\n<!-- \/ Yoast SEO plugin. -->","yoast_head_json":{"title":"Modulo di sottoscrizione e informativa sul trattamento dei dati personali conferiti dal personale volontario. - Biblioteca civica Cologno Monzese","description":"Modulo di sottoscrizione e informativa sul trattamento dei dati personali conferiti dal personale volontario.","robots":{"index":"index","follow":"follow","max-snippet":"max-snippet:-1","max-image-preview":"max-image-preview:large","max-video-preview":"max-video-preview:-1"},"canonical":"https:\/\/www.biblioteca.colognomonzese.mi.it\/v1\/?page_id=5469","og_locale":"it_IT","og_type":"article","og_title":"Modulo di sottoscrizione e informativa sul trattamento dei dati personali conferiti dal personale volontario. - Biblioteca civica Cologno Monzese","og_description":"Modulo di sottoscrizione e informativa sul trattamento dei dati personali conferiti dal personale volontario.","og_url":"https:\/\/www.biblioteca.colognomonzese.mi.it\/v1\/?page_id=5469","og_site_name":"Biblioteca civica Cologno Monzese","article_publisher":"https:\/\/www.facebook.com\/bibliotecacologno\/","article_modified_time":"2021-12-20T15:52:14+00:00","twitter_card":"summary_large_image","twitter_site":"@BiblioCologno","twitter_misc":{"Tempo di lettura stimato":"8 minuti"},"schema":{"@context":"https:\/\/schema.org","@graph":[{"@type":"WebPage","@id":"https:\/\/www.biblioteca.colognomonzese.mi.it\/v1\/?page_id=5469","url":"https:\/\/www.biblioteca.colognomonzese.mi.it\/v1\/?page_id=5469","name":"Modulo di sottoscrizione e informativa sul trattamento dei dati personali conferiti dal personale volontario. - Biblioteca civica Cologno Monzese","isPartOf":{"@id":"https:\/\/www.biblioteca.colognomonzese.mi.it\/v1\/#website"},"datePublished":"2021-12-20T15:38:26+00:00","dateModified":"2021-12-20T15:52:14+00:00","description":"Modulo di sottoscrizione e informativa sul trattamento dei dati personali conferiti dal personale volontario.","breadcrumb":{"@id":"https:\/\/www.biblioteca.colognomonzese.mi.it\/v1\/?page_id=5469#breadcrumb"},"inLanguage":"it-IT","potentialAction":[{"@type":"ReadAction","target":["https:\/\/www.biblioteca.colognomonzese.mi.it\/v1\/?page_id=5469"]}]},{"@type":"BreadcrumbList","@id":"https:\/\/www.biblioteca.colognomonzese.mi.it\/v1\/?page_id=5469#breadcrumb","itemListElement":[{"@type":"ListItem","position":1,"name":"Home","item":"https:\/\/www.biblioteca.colognomonzese.mi.it\/v1"},{"@type":"ListItem","position":2,"name":"Modulo di sottoscrizione e informativa sul trattamento dei dati personali conferiti dal personale volontario."}]},{"@type":"WebSite","@id":"https:\/\/www.biblioteca.colognomonzese.mi.it\/v1\/#website","url":"https:\/\/www.biblioteca.colognomonzese.mi.it\/v1\/","name":"Biblioteca civica di Cologno Monzese","description":"","publisher":{"@id":"https:\/\/www.biblioteca.colognomonzese.mi.it\/v1\/#organization"},"potentialAction":[{"@type":"SearchAction","target":{"@type":"EntryPoint","urlTemplate":"https:\/\/www.biblioteca.colognomonzese.mi.it\/v1\/?s={search_term_string}"},"query-input":{"@type":"PropertyValueSpecification","valueRequired":true,"valueName":"search_term_string"}}],"inLanguage":"it-IT"},{"@type":"Organization","@id":"https:\/\/www.biblioteca.colognomonzese.mi.it\/v1\/#organization","name":"Biblioteca civica di cologno Monzese","url":"https:\/\/www.biblioteca.colognomonzese.mi.it\/v1\/","logo":{"@type":"ImageObject","inLanguage":"it-IT","@id":"https:\/\/www.biblioteca.colognomonzese.mi.it\/v1\/#\/schema\/logo\/image\/","url":"https:\/\/i0.wp.com\/www.biblioteca.colognomonzese.mi.it\/v1\/wp-content\/uploads\/2020\/05\/logo_solo_occhio.png?fit=120%2C162&ssl=1","contentUrl":"https:\/\/i0.wp.com\/www.biblioteca.colognomonzese.mi.it\/v1\/wp-content\/uploads\/2020\/05\/logo_solo_occhio.png?fit=120%2C162&ssl=1","width":120,"height":162,"caption":"Biblioteca civica di cologno Monzese"},"image":{"@id":"https:\/\/www.biblioteca.colognomonzese.mi.it\/v1\/#\/schema\/logo\/image\/"},"sameAs":["https:\/\/www.facebook.com\/bibliotecacologno\/","https:\/\/x.com\/BiblioCologno","https:\/\/www.instagram.com\/explore\/tags\/bibliotecacologno\/?hl=it","https:\/\/www.youtube.com\/channel\/UC4xK5nXFqR5gbtRnfSVc7Qw\/featured"]}]}},"jetpack_shortlink":"https:\/\/wp.me\/Pc1xYY-1qd","jetpack_sharing_enabled":true,"_links":{"self":[{"href":"https:\/\/www.biblioteca.colognomonzese.mi.it\/v1\/index.php?rest_route=\/wp\/v2\/pages\/5469","targetHints":{"allow":["GET"]}}],"collection":[{"href":"https:\/\/www.biblioteca.colognomonzese.mi.it\/v1\/index.php?rest_route=\/wp\/v2\/pages"}],"about":[{"href":"https:\/\/www.biblioteca.colognomonzese.mi.it\/v1\/index.php?rest_route=\/wp\/v2\/types\/page"}],"author":[{"embeddable":true,"href":"https:\/\/www.biblioteca.colognomonzese.mi.it\/v1\/index.php?rest_route=\/wp\/v2\/users\/1"}],"replies":[{"embeddable":true,"href":"https:\/\/www.biblioteca.colognomonzese.mi.it\/v1\/index.php?rest_route=%2Fwp%2Fv2%2Fcomments&post=5469"}],"version-history":[{"count":2,"href":"https:\/\/www.biblioteca.colognomonzese.mi.it\/v1\/index.php?rest_route=\/wp\/v2\/pages\/5469\/revisions"}],"predecessor-version":[{"id":5480,"href":"https:\/\/www.biblioteca.colognomonzese.mi.it\/v1\/index.php?rest_route=\/wp\/v2\/pages\/5469\/revisions\/5480"}],"wp:attachment":[{"href":"https:\/\/www.biblioteca.colognomonzese.mi.it\/v1\/index.php?rest_route=%2Fwp%2Fv2%2Fmedia&parent=5469"}],"curies":[{"name":"wp","href":"https:\/\/api.w.org\/{rel}","templated":true}]}}