{"id":5456,"date":"2021-12-20T16:17:54","date_gmt":"2021-12-20T15:17:54","guid":{"rendered":"https:\/\/www.biblioteca.colognomonzese.mi.it\/v1\/?page_id=5456"},"modified":"2024-08-31T16:54:43","modified_gmt":"2024-08-31T14:54:43","slug":"informativa-sul-trattamento-dei-dati-personali-conferiti-alla-biblioteca-comunale-di-cologno-monzese","status":"publish","type":"page","link":"https:\/\/www.biblioteca.colognomonzese.mi.it\/v1\/?page_id=5456","title":{"rendered":"Informativa sul trattamento dei dati personali conferiti alla Biblioteca comunale di Cologno Monzese"},"content":{"rendered":"\n<p><strong>INFORMATIVA PRIVACY<\/strong><strong><br>Regolamento 679\/2016\/UE<br><em>Informativa interessati &#8211; Servizi legati alla biblioteca comunale<\/em><\/strong><\/p>\n\n\n\n<p>Ai sensi e per gli effetti dell\u2019Articolo 13 del Regolamento 679\/2016\/UE &#8220;General Data Protection Regulation&#8221;, informiamo che il Comune di Cologno Monzese tratta i dati personali da lei forniti e liberamente comunicati. Il Comune di Cologno Monzese garantisce che il trattamento dei suoi dati personali si svolge nel rispetto dei diritti e delle libert\u00e0 fondamentali, nonch\u00e9 della sua dignit\u00e0, con particolare riferimento alla riservatezza, all&#8217;identit\u00e0&nbsp;personale e al diritto alla protezione dei dati personali.<\/p>\n\n\n\n<p><strong><u>1. Finalit\u00e0 del trattamento dei dati personali<\/u><\/strong><strong> (Art. 13.1.c Regolamento 679\/2016\/UE)<\/strong><\/p>\n\n\n\n<p>Tutti i dati personali da lei comunicati sono trattati per assolvere ad adempimenti previsti da leggi, da regolamenti, dalla normativa comunitaria e per lo svolgimento delle funzioni istituzionali (articolo 6.1.c Regolamento 679\/2016\/UE), e per esercitare un compito di interesse pubblico connesso all&#8217;esercizio di pubblici poteri (Art. 6.1.e Regolamento 679\/2016\/UE), in particolare per:<\/p>\n\n\n\n<ul class=\"wp-block-list\">\n<li>l\u2019inserimento nelle anagrafiche e nei database informatici comunali e della biblioteca comunale;<\/li>\n\n\n\n<li>l&#8217;iscrizione alla biblioteca comunale;<\/li>\n\n\n\n<li>la gestione dei servizi offerti;<\/li>\n\n\n\n<li>la gestione degli ingressi alla biblioteca e delle prenotazioni dei posti a sedere presso la sala di consultazione;<\/li>\n\n\n\n<li>la gestione e la promozione di attivit\u00e0 di tipo culturale;<\/li>\n\n\n\n<li>la gestione della biblioteca e dei centri di documentazione;<\/li>\n\n\n\n<li>l&#8217;utilizzo di postazioni con accesso alla rete Internet;<\/li>\n\n\n\n<li>l\u2019elaborazione di statistiche interne;<\/li>\n\n\n\n<li>assolvere a sue specifiche richieste.<\/li>\n<\/ul>\n\n\n\n<p><strong><u>2. Le modalit\u00e0 del trattamento dei dati personali<\/u><\/strong><\/p>\n\n\n\n<p>Il trattamento dei suoi dati personali avviene presso gli uffici del Comune di Cologno Monzese, o qualora fosse necessario, presso i soggetti indicati al paragrafo 4, utilizzando sia supporti cartacei che informatici, per via sia telefonica che telematica, anche attraverso strumenti automatizzati atti a memorizzare, gestire e trasmettere i dati stessi, con l\u2019osservanza di ogni misura cautelativa, che ne garantisca la sicurezza e la riservatezza.<\/p>\n\n\n\n<p>Il trattamento si svilupper\u00e0 in modo da ridurre al minimo il rischio di distruzione o perdita, di accesso non autorizzato, di trattamento non conforme alle finalit\u00e0 della raccolta dei dati stessi. I suoi dati personali sono trattati:<\/p>\n\n\n\n<ul class=\"wp-block-list\">\n<li>nel rispetto del principio di minimizzazione, ai sensi degli articoli 5.1.c e 25.2 del Regolamento 679\/2016\/UE;<\/li>\n\n\n\n<li>in modo lecito e secondo correttezza.<\/li>\n<\/ul>\n\n\n\n<p>I suoi dati sono raccolti:<\/p>\n\n\n\n<ul class=\"wp-block-list\">\n<li>per scopi determinati espliciti e legittimi;<\/li>\n\n\n\n<li>esatti e se necessario aggiornati;<\/li>\n\n\n\n<li>pertinenti, completi e non eccedenti rispetto alle finalit\u00e0 del trattamento.<\/li>\n<\/ul>\n\n\n\n<p><strong><u>3. Natura della raccolta e conseguenze di un eventuale mancato conferimento dei dati personali<\/u><\/strong><strong> (Art. 13.2.e Regolamento 679\/2016\/UE)<\/strong><\/p>\n\n\n\n<p>Il conferimento dei suoi dati personali \u00e8 obbligatorio per le finalit\u00e0 previste al paragrafo 1. Il loro mancato conferimento comporta la mancata erogazione del servizio richiesto del suo corretto svolgimento e degli eventuali adempimenti di legge. I suoi dati sono conservati presso il Comune, la biblioteca comunale e, qualora fosse necessario, presso i soggetti indicati al paragrafo 4.<\/p>\n\n\n\n<p><strong><u>4. Comunicazione e diffusione dei dati personali<\/u><\/strong><strong> (Art. 13.1.e Regolamento 679\/2016\/UE)<\/strong><\/p>\n\n\n\n<p>I suoi dati personali, qualora fosse necessario, possono essere comunicati (con tale termine intendendosi il darne conoscenza ad uno o pi\u00f9 soggetti determinati), a:<\/p>\n\n\n\n<ul class=\"wp-block-list\">\n<li>soggetti la cui facolt\u00e0 di accesso ai dati \u00e8 riconosciuta da disposizioni di legge, normativa secondaria e comunitaria;<\/li>\n\n\n\n<li>collaboratori, dipendenti, fornitori e consulenti del Comune di Cologno Monzese, nell&#8217;ambito\u00a0delle relative mansioni e\/o di eventuali obblighi contrattuali, compresi i Responsabili dei trattamenti e gli Incaricati, nominati ai sensi del Regolamento 679\/2016\/UE;<\/li>\n\n\n\n<li>persone fisiche e\/o giuridiche, pubbliche e\/o private, quando la comunicazione risulti necessaria o funzionale allo svolgimento dell\u2019attivit\u00e0 del Comune di Cologno Monzese nei modi e per le finalit\u00e0 sopra illustrate;<\/li>\n\n\n\n<li>al Sistema bibliotecario;<\/li>\n\n\n\n<li>uffici postali, spedizionieri e corrieri per l\u2019invio di documentazione e\/o materiale.<\/li>\n<\/ul>\n\n\n\n<p>I suoi dati personali non vengono in alcun caso diffusi, con tale termine intendendosi il darne conoscenza in qualunque modo ad una pluralit\u00e0 di soggetti indeterminati, fatti salvi gli obblighi di legge.<\/p>\n\n\n\n<p><strong><u>5. Titolare del trattamento dei dati personali<\/u><\/strong><strong> (Art. 13.1.a Regolamento 679\/2016\/UE)<\/strong><\/p>\n\n\n\n<p>Il Titolare del trattamento dei dati personali \u00e8 il Comune di Cologno Monzese. Alla data odierna ogni informazione inerente il Titolare, congiuntamente all\u2019elenco aggiornato dei Responsabili e degli Amministratori di sistema designati, \u00e8 reperibile presso la sede municipale del Comune di Cologno Monzese in Via Mazzini, 9 &#8211; 20093 Cologno Monzese (MI).&nbsp;<\/p>\n\n\n\n<p><strong><u>6. Data Protection Officer (DPO) \/ Responsabile della Protezione dei dati (RPD)<\/u><\/strong><strong> (Art. 13.1.b Regolamento 679\/2016\/UE)<\/strong><br><br>Il Data Protection Officer\/Responsabile della Protezione dei dati individuato dall&#8217;ente \u00e8 il seguente soggetto:<\/p>\n\n\n\n<figure class=\"wp-block-table\"><table><tbody><tr><td><strong>DPO<\/strong><\/td><td><strong>P.IVA<\/strong><\/td><td><strong>Via\/Piazza<\/strong><\/td><td><strong>CAP<\/strong><\/td><td><strong>Comune<\/strong><\/td><td><strong>Nominativo del DPO<\/strong><\/td><\/tr><tr><td>LTA S.r.l.<\/td><td>14243311009<\/td><td>Via della Conciliazione, 10<\/td><td>00193<\/td><td>Roma<\/td><td>Rosa Coppola<\/td><\/tr><\/tbody><\/table><\/figure>\n\n\n\n<p>Il Data Protection Officer \u00e8 reperibile presso la sede municipale del Comune di Cologno Monzese in Via Mazzini, 9 &#8211; 20093 Cologno Monzese (MI). In caso di istanze\/comunicazione scritte da inviarsi in modalit\u00e0 digitale il Data Protection Officer pu\u00f2 essere contattato utilizzando i recapiti istituzionali dell&#8217;ente (protocollo.comunecolognomonzese@legalmail.it) indicati sul sito web dell&#8217;Ente.<\/p>\n\n\n\n<p><strong><u>7. Criteri utilizzati al fine di determinare il periodo di conservazione<\/u><\/strong><strong> (Art. 13.2.a Regolamento 679\/2016\/UE)<\/strong><\/p>\n\n\n\n<p>L&#8217;ente dichiara che i dati personali dell\u2019interessato oggetto del trattamento saranno conservati per il periodo necessario a rispettare i termini di conservazione stabiliti dal Piano di Conservazione dei comuni italiani (ANCI 2005) e comunque non superiori a quelli necessari per la gestione dei possibili ricorsi\/contenziosi.<\/p>\n\n\n\n<p><strong><u>8. Diritti dell\u2019Interessato<\/u><\/strong><strong> (Art. 13.2.b Regolamento 679\/2016\/UE)<\/strong><\/p>\n\n\n\n<p>Si comunica che, in qualsiasi momento, l\u2019interessato pu\u00f2 esercitare:<\/p>\n\n\n\n<ul class=\"wp-block-list\">\n<li>diritto di chiedere al Titolare del trattamento, ex Art. 15 Reg. 679\/2016\/UE, di poter accedere ai propri dati personali;<\/li>\n\n\n\n<li>diritto di chiedere al Titolare del trattamento, ex Art. 16 Reg. 679\/2016\/UE, di poter rettificare i propri dati personali, ove quest\u2019ultimo non contrasti con la normativa vigente sulla conservazione dei dati\u00a0 \u00a0stessi;<\/li>\n\n\n\n<li>diritto di chiedere al Titolare del trattamento, ex Art. 17 Reg. 679\/2016\/UE, di poter cancellare i propri dati personali, ove quest\u2019ultimo non contrasti con la normativa vigente sulla conservazione dei dati stessi;<\/li>\n\n\n\n<li>diritto di chiedere al Titolare del trattamento, ex Art. 18 Reg. 679\/2016\/UE, di poter limitare il trattamento dei propri dati personali;<\/li>\n\n\n\n<li>diritto di opporsi al trattamento, ex Art. 21 Reg. 679\/2016\/UE.<\/li>\n<\/ul>\n\n\n\n<p><strong><u>9. Diritto di presentare reclamo<\/u><\/strong><strong> (Art. 13.2.d Regolamento 679\/2016\/UE)<\/strong><\/p>\n\n\n\n<p>Si rende noto all&#8217;interessato che ha il diritto di proporre reclamo ad una autorit\u00e0 di controllo (in particolar modo all&#8217;Autorit\u00e0 Garante per la protezione dei dati personali).<\/p>\n","protected":false},"excerpt":{"rendered":"<p>INFORMATIVA PRIVACYRegolamento 679\/2016\/UEInformativa interessati &#8211; Servizi legati alla biblioteca comunale Ai sensi e per gli effetti dell\u2019Articolo 13 del Regolamento 679\/2016\/UE &#8220;General Data Protection Regulation&#8221;, informiamo che il Comune di<a class=\"more-link\" href=\"https:\/\/www.biblioteca.colognomonzese.mi.it\/v1\/?page_id=5456\">:- Richiedi il servizio -:<\/a><\/p>\n","protected":false},"author":1,"featured_media":0,"parent":0,"menu_order":0,"comment_status":"closed","ping_status":"closed","template":"","meta":{"_EventAllDay":false,"_EventTimezone":"","_EventStartDate":"","_EventEndDate":"","_EventStartDateUTC":"","_EventEndDateUTC":"","_EventShowMap":false,"_EventShowMapLink":false,"_EventURL":"","_EventCost":"","_EventCostDescription":"","_EventCurrencySymbol":"","_EventCurrencyCode":"","_EventCurrencyPosition":"","_EventDateTimeSeparator":"","_EventTimeRangeSeparator":"","_EventOrganizerID":[],"_EventVenueID":[],"_OrganizerEmail":"","_OrganizerPhone":"","_OrganizerWebsite":"","_VenueAddress":"","_VenueCity":"","_VenueCountry":"","_VenueProvince":"","_VenueState":"","_VenueZip":"","_VenuePhone":"","_VenueURL":"","_VenueStateProvince":"","_VenueLat":"","_VenueLng":"","_VenueShowMap":false,"_VenueShowMapLink":false,"jetpack_post_was_ever_published":false,"footnotes":""},"class_list":["entry","author-francowww-biblioteca","post-5456","page","type-page","status-publish"],"yoast_head":"<!-- This site is optimized with the Yoast SEO plugin v27.4 - https:\/\/yoast.com\/product\/yoast-seo-wordpress\/ -->\n<title>Informativa sul trattamento dei dati personali conferiti alla Biblioteca comunale di Cologno Monzese - Biblioteca civica Cologno Monzese<\/title>\n<meta name=\"description\" content=\"Informativa sul trattamento dei dati personali conferiti alla Biblioteca comunale di Cologno Monzese come previsto da Regolamento 679\/2016\/UE\" \/>\n<meta name=\"robots\" content=\"index, follow, max-snippet:-1, max-image-preview:large, max-video-preview:-1\" \/>\n<link rel=\"canonical\" href=\"https:\/\/www.biblioteca.colognomonzese.mi.it\/v1\/?page_id=5456\" \/>\n<meta property=\"og:locale\" content=\"it_IT\" \/>\n<meta property=\"og:type\" content=\"article\" \/>\n<meta property=\"og:title\" content=\"Informativa sul trattamento dei dati personali conferiti alla Biblioteca comunale di Cologno Monzese - Biblioteca civica Cologno Monzese\" \/>\n<meta property=\"og:description\" content=\"Informativa sul trattamento dei dati personali conferiti alla Biblioteca comunale di Cologno Monzese come previsto da Regolamento 679\/2016\/UE\" \/>\n<meta property=\"og:url\" content=\"https:\/\/www.biblioteca.colognomonzese.mi.it\/v1\/?page_id=5456\" \/>\n<meta property=\"og:site_name\" content=\"Biblioteca civica Cologno Monzese\" \/>\n<meta property=\"article:publisher\" content=\"https:\/\/www.facebook.com\/bibliotecacologno\/\" \/>\n<meta property=\"article:modified_time\" content=\"2024-08-31T14:54:43+00:00\" \/>\n<meta name=\"twitter:card\" content=\"summary_large_image\" \/>\n<meta name=\"twitter:site\" content=\"@BiblioCologno\" \/>\n<meta name=\"twitter:label1\" content=\"Tempo di lettura stimato\" \/>\n\t<meta name=\"twitter:data1\" content=\"6 minuti\" \/>\n<script type=\"application\/ld+json\" class=\"yoast-schema-graph\">{\"@context\":\"https:\\\/\\\/schema.org\",\"@graph\":[{\"@type\":\"WebPage\",\"@id\":\"https:\\\/\\\/www.biblioteca.colognomonzese.mi.it\\\/v1\\\/?page_id=5456\",\"url\":\"https:\\\/\\\/www.biblioteca.colognomonzese.mi.it\\\/v1\\\/?page_id=5456\",\"name\":\"Informativa sul trattamento dei dati personali conferiti alla Biblioteca comunale di Cologno Monzese - Biblioteca civica Cologno Monzese\",\"isPartOf\":{\"@id\":\"https:\\\/\\\/www.biblioteca.colognomonzese.mi.it\\\/v1\\\/#website\"},\"datePublished\":\"2021-12-20T15:17:54+00:00\",\"dateModified\":\"2024-08-31T14:54:43+00:00\",\"description\":\"Informativa sul trattamento dei dati personali conferiti alla Biblioteca comunale di Cologno Monzese come previsto da Regolamento 679\\\/2016\\\/UE\",\"breadcrumb\":{\"@id\":\"https:\\\/\\\/www.biblioteca.colognomonzese.mi.it\\\/v1\\\/?page_id=5456#breadcrumb\"},\"inLanguage\":\"it-IT\",\"potentialAction\":[{\"@type\":\"ReadAction\",\"target\":[\"https:\\\/\\\/www.biblioteca.colognomonzese.mi.it\\\/v1\\\/?page_id=5456\"]}]},{\"@type\":\"BreadcrumbList\",\"@id\":\"https:\\\/\\\/www.biblioteca.colognomonzese.mi.it\\\/v1\\\/?page_id=5456#breadcrumb\",\"itemListElement\":[{\"@type\":\"ListItem\",\"position\":1,\"name\":\"Home\",\"item\":\"https:\\\/\\\/www.biblioteca.colognomonzese.mi.it\\\/v1\"},{\"@type\":\"ListItem\",\"position\":2,\"name\":\"Informativa sul trattamento dei dati personali conferiti alla Biblioteca comunale di Cologno Monzese\"}]},{\"@type\":\"WebSite\",\"@id\":\"https:\\\/\\\/www.biblioteca.colognomonzese.mi.it\\\/v1\\\/#website\",\"url\":\"https:\\\/\\\/www.biblioteca.colognomonzese.mi.it\\\/v1\\\/\",\"name\":\"Biblioteca civica di Cologno Monzese\",\"description\":\"\",\"publisher\":{\"@id\":\"https:\\\/\\\/www.biblioteca.colognomonzese.mi.it\\\/v1\\\/#organization\"},\"potentialAction\":[{\"@type\":\"SearchAction\",\"target\":{\"@type\":\"EntryPoint\",\"urlTemplate\":\"https:\\\/\\\/www.biblioteca.colognomonzese.mi.it\\\/v1\\\/?s={search_term_string}\"},\"query-input\":{\"@type\":\"PropertyValueSpecification\",\"valueRequired\":true,\"valueName\":\"search_term_string\"}}],\"inLanguage\":\"it-IT\"},{\"@type\":\"Organization\",\"@id\":\"https:\\\/\\\/www.biblioteca.colognomonzese.mi.it\\\/v1\\\/#organization\",\"name\":\"Biblioteca civica di cologno Monzese\",\"url\":\"https:\\\/\\\/www.biblioteca.colognomonzese.mi.it\\\/v1\\\/\",\"logo\":{\"@type\":\"ImageObject\",\"inLanguage\":\"it-IT\",\"@id\":\"https:\\\/\\\/www.biblioteca.colognomonzese.mi.it\\\/v1\\\/#\\\/schema\\\/logo\\\/image\\\/\",\"url\":\"https:\\\/\\\/i0.wp.com\\\/www.biblioteca.colognomonzese.mi.it\\\/v1\\\/wp-content\\\/uploads\\\/2020\\\/05\\\/logo_solo_occhio.png?fit=120%2C162&ssl=1\",\"contentUrl\":\"https:\\\/\\\/i0.wp.com\\\/www.biblioteca.colognomonzese.mi.it\\\/v1\\\/wp-content\\\/uploads\\\/2020\\\/05\\\/logo_solo_occhio.png?fit=120%2C162&ssl=1\",\"width\":120,\"height\":162,\"caption\":\"Biblioteca civica di cologno Monzese\"},\"image\":{\"@id\":\"https:\\\/\\\/www.biblioteca.colognomonzese.mi.it\\\/v1\\\/#\\\/schema\\\/logo\\\/image\\\/\"},\"sameAs\":[\"https:\\\/\\\/www.facebook.com\\\/bibliotecacologno\\\/\",\"https:\\\/\\\/x.com\\\/BiblioCologno\",\"https:\\\/\\\/www.instagram.com\\\/explore\\\/tags\\\/bibliotecacologno\\\/?hl=it\",\"https:\\\/\\\/www.youtube.com\\\/channel\\\/UC4xK5nXFqR5gbtRnfSVc7Qw\\\/featured\"]}]}<\/script>\n<!-- \/ Yoast SEO plugin. -->","yoast_head_json":{"title":"Informativa sul trattamento dei dati personali conferiti alla Biblioteca comunale di Cologno Monzese - Biblioteca civica Cologno Monzese","description":"Informativa sul trattamento dei dati personali conferiti alla Biblioteca comunale di Cologno Monzese come previsto da Regolamento 679\/2016\/UE","robots":{"index":"index","follow":"follow","max-snippet":"max-snippet:-1","max-image-preview":"max-image-preview:large","max-video-preview":"max-video-preview:-1"},"canonical":"https:\/\/www.biblioteca.colognomonzese.mi.it\/v1\/?page_id=5456","og_locale":"it_IT","og_type":"article","og_title":"Informativa sul trattamento dei dati personali conferiti alla Biblioteca comunale di Cologno Monzese - Biblioteca civica Cologno Monzese","og_description":"Informativa sul trattamento dei dati personali conferiti alla Biblioteca comunale di Cologno Monzese come previsto da Regolamento 679\/2016\/UE","og_url":"https:\/\/www.biblioteca.colognomonzese.mi.it\/v1\/?page_id=5456","og_site_name":"Biblioteca civica Cologno Monzese","article_publisher":"https:\/\/www.facebook.com\/bibliotecacologno\/","article_modified_time":"2024-08-31T14:54:43+00:00","twitter_card":"summary_large_image","twitter_site":"@BiblioCologno","twitter_misc":{"Tempo di lettura stimato":"6 minuti"},"schema":{"@context":"https:\/\/schema.org","@graph":[{"@type":"WebPage","@id":"https:\/\/www.biblioteca.colognomonzese.mi.it\/v1\/?page_id=5456","url":"https:\/\/www.biblioteca.colognomonzese.mi.it\/v1\/?page_id=5456","name":"Informativa sul trattamento dei dati personali conferiti alla Biblioteca comunale di Cologno Monzese - Biblioteca civica Cologno Monzese","isPartOf":{"@id":"https:\/\/www.biblioteca.colognomonzese.mi.it\/v1\/#website"},"datePublished":"2021-12-20T15:17:54+00:00","dateModified":"2024-08-31T14:54:43+00:00","description":"Informativa sul trattamento dei dati personali conferiti alla Biblioteca comunale di Cologno Monzese come previsto da Regolamento 679\/2016\/UE","breadcrumb":{"@id":"https:\/\/www.biblioteca.colognomonzese.mi.it\/v1\/?page_id=5456#breadcrumb"},"inLanguage":"it-IT","potentialAction":[{"@type":"ReadAction","target":["https:\/\/www.biblioteca.colognomonzese.mi.it\/v1\/?page_id=5456"]}]},{"@type":"BreadcrumbList","@id":"https:\/\/www.biblioteca.colognomonzese.mi.it\/v1\/?page_id=5456#breadcrumb","itemListElement":[{"@type":"ListItem","position":1,"name":"Home","item":"https:\/\/www.biblioteca.colognomonzese.mi.it\/v1"},{"@type":"ListItem","position":2,"name":"Informativa sul trattamento dei dati personali conferiti alla Biblioteca comunale di Cologno Monzese"}]},{"@type":"WebSite","@id":"https:\/\/www.biblioteca.colognomonzese.mi.it\/v1\/#website","url":"https:\/\/www.biblioteca.colognomonzese.mi.it\/v1\/","name":"Biblioteca civica di Cologno Monzese","description":"","publisher":{"@id":"https:\/\/www.biblioteca.colognomonzese.mi.it\/v1\/#organization"},"potentialAction":[{"@type":"SearchAction","target":{"@type":"EntryPoint","urlTemplate":"https:\/\/www.biblioteca.colognomonzese.mi.it\/v1\/?s={search_term_string}"},"query-input":{"@type":"PropertyValueSpecification","valueRequired":true,"valueName":"search_term_string"}}],"inLanguage":"it-IT"},{"@type":"Organization","@id":"https:\/\/www.biblioteca.colognomonzese.mi.it\/v1\/#organization","name":"Biblioteca civica di cologno Monzese","url":"https:\/\/www.biblioteca.colognomonzese.mi.it\/v1\/","logo":{"@type":"ImageObject","inLanguage":"it-IT","@id":"https:\/\/www.biblioteca.colognomonzese.mi.it\/v1\/#\/schema\/logo\/image\/","url":"https:\/\/i0.wp.com\/www.biblioteca.colognomonzese.mi.it\/v1\/wp-content\/uploads\/2020\/05\/logo_solo_occhio.png?fit=120%2C162&ssl=1","contentUrl":"https:\/\/i0.wp.com\/www.biblioteca.colognomonzese.mi.it\/v1\/wp-content\/uploads\/2020\/05\/logo_solo_occhio.png?fit=120%2C162&ssl=1","width":120,"height":162,"caption":"Biblioteca civica di cologno Monzese"},"image":{"@id":"https:\/\/www.biblioteca.colognomonzese.mi.it\/v1\/#\/schema\/logo\/image\/"},"sameAs":["https:\/\/www.facebook.com\/bibliotecacologno\/","https:\/\/x.com\/BiblioCologno","https:\/\/www.instagram.com\/explore\/tags\/bibliotecacologno\/?hl=it","https:\/\/www.youtube.com\/channel\/UC4xK5nXFqR5gbtRnfSVc7Qw\/featured"]}]}},"jetpack_shortlink":"https:\/\/wp.me\/Pc1xYY-1q0","jetpack_sharing_enabled":true,"_links":{"self":[{"href":"https:\/\/www.biblioteca.colognomonzese.mi.it\/v1\/index.php?rest_route=\/wp\/v2\/pages\/5456","targetHints":{"allow":["GET"]}}],"collection":[{"href":"https:\/\/www.biblioteca.colognomonzese.mi.it\/v1\/index.php?rest_route=\/wp\/v2\/pages"}],"about":[{"href":"https:\/\/www.biblioteca.colognomonzese.mi.it\/v1\/index.php?rest_route=\/wp\/v2\/types\/page"}],"author":[{"embeddable":true,"href":"https:\/\/www.biblioteca.colognomonzese.mi.it\/v1\/index.php?rest_route=\/wp\/v2\/users\/1"}],"replies":[{"embeddable":true,"href":"https:\/\/www.biblioteca.colognomonzese.mi.it\/v1\/index.php?rest_route=%2Fwp%2Fv2%2Fcomments&post=5456"}],"version-history":[{"count":2,"href":"https:\/\/www.biblioteca.colognomonzese.mi.it\/v1\/index.php?rest_route=\/wp\/v2\/pages\/5456\/revisions"}],"predecessor-version":[{"id":10335,"href":"https:\/\/www.biblioteca.colognomonzese.mi.it\/v1\/index.php?rest_route=\/wp\/v2\/pages\/5456\/revisions\/10335"}],"wp:attachment":[{"href":"https:\/\/www.biblioteca.colognomonzese.mi.it\/v1\/index.php?rest_route=%2Fwp%2Fv2%2Fmedia&parent=5456"}],"curies":[{"name":"wp","href":"https:\/\/api.w.org\/{rel}","templated":true}]}}